{"id":25957575,"date":"2024-03-04T16:27:21","date_gmt":"2024-03-04T16:27:21","guid":{"rendered":"https:\/\/punto-f.com\/?page_id=25957575"},"modified":"2025-02-04T12:52:38","modified_gmt":"2025-02-04T12:52:38","slug":"francese-italiano","status":"publish","type":"page","link":"https:\/\/www.punto-f.com\/it\/francese-italiano\/","title":{"rendered":"Francese-italiano"},"content":{"rendered":"<p>[et_pb_section fb_built=&#8221;1&#8243; _builder_version=&#8221;4.23.3&#8243; _module_preset=&#8221;default&#8221; background_color=&#8221;#FFFFFF&#8221; custom_margin=&#8221;0px||||false|false&#8221; custom_padding=&#8221;40px||0px||false|false&#8221; global_colors_info=&#8221;{}&#8221;][et_pb_row _builder_version=&#8221;4.23.3&#8243; _module_preset=&#8221;default&#8221; global_colors_info=&#8221;{}&#8221;][et_pb_column type=&#8221;4_4&#8243; _builder_version=&#8221;4.23.3&#8243; _module_preset=&#8221;default&#8221; global_colors_info=&#8221;{}&#8221;][et_pb_text _builder_version=&#8221;4.23.3&#8243; _module_preset=&#8221;default&#8221; header_text_align=&#8221;center&#8221; header_text_color=&#8221;#3F4955&#8243; custom_margin=&#8221;||0px||false|false&#8221; global_colors_info=&#8221;{}&#8221; content__hover_enabled=&#8221;on|hover&#8221; content__hover=&#8221;<\/p>\n<h1>French-Italian: the similar-but-different pair<\/h1>\n<p>&#8221; header_text_color__hover_enabled=&#8221;on|desktop&#8221; header_text_color__hover=&#8221;#CCCCCC&#8221;]<\/p>\n<h1>Francese-italiano: la coppia simile, ma diversa<\/h1>\n<p>[\/et_pb_text][dipi_breadcrumbs bc_home_icon=&#8221;off&#8221; bc_separator_icon=&#8221;&#x39;||divi||400&#8243; bc_items_alignment=&#8221;dipi-bc-center&#8221; bc_separator_color=&#8221;#3F4955&#8243; _builder_version=&#8221;4.23.3&#8243; _module_preset=&#8221;default&#8221; items_text_color=&#8221;#3F4955&#8243; active_text_color=&#8221;#555556&#8243; position_origin_a=&#8221;bottom_right&#8221; position_origin_r=&#8221;bottom_right&#8221; width=&#8221;100%&#8221; module_alignment=&#8221;center&#8221; custom_margin=&#8221;||||false|false&#8221; custom_padding=&#8221;||||false|false&#8221; global_colors_info=&#8221;{}&#8221;][\/dipi_breadcrumbs][\/et_pb_column][\/et_pb_row][et_pb_row column_structure=&#8221;1_2,1_2&#8243; make_equal=&#8221;on&#8221; _builder_version=&#8221;4.23.3&#8243; _module_preset=&#8221;default&#8221; width=&#8221;100%&#8221; width_tablet=&#8221;90%&#8221; width_phone=&#8221;80%&#8221; width_last_edited=&#8221;on|phone&#8221; max_width=&#8221;100%&#8221; custom_margin=&#8221;0px||0px||false|false&#8221; custom_padding=&#8221;0px||0px||false|false&#8221; global_colors_info=&#8221;{}&#8221;][et_pb_column type=&#8221;1_2&#8243; _builder_version=&#8221;4.23.3&#8243; _module_preset=&#8221;default&#8221; custom_padding=&#8221;40px|||200px|false|false&#8221; custom_padding_tablet=&#8221;|||0px|false|false&#8221; custom_padding_phone=&#8221;|||0px|false|false&#8221; custom_padding_last_edited=&#8221;on|tablet&#8221; global_colors_info=&#8221;{}&#8221;][et_pb_image src=&#8221;https:\/\/punto-f.com\/wp-content\/uploads\/2024\/02\/FRANCESE-ITALIANO.jpg&#8221; title_text=&#8221;FRANCESE-ITALIANO&#8221; disabled_on=&#8221;off|off|on&#8221; _builder_version=&#8221;4.23.3&#8243; _module_preset=&#8221;default&#8221; custom_margin=&#8221;0px||||false|false&#8221; custom_padding=&#8221;0px||||false|false&#8221; global_colors_info=&#8221;{}&#8221;][\/et_pb_image][et_pb_text _builder_version=&#8221;4.23.3&#8243; _module_preset=&#8221;default&#8221; header_text_align=&#8221;left&#8221; header_2_text_align=&#8221;left&#8221; header_2_font_size=&#8221;30px&#8221; header_2_letter_spacing=&#8221;1px&#8221; header_2_line_height=&#8221;1.2em&#8221; text_orientation=&#8221;center&#8221; max_width=&#8221;100%&#8221; module_alignment=&#8221;right&#8221; custom_margin=&#8221;||21px|||&#8221; global_colors_info=&#8221;{}&#8221;]<\/p>\n<h2>Nessuna rivalit\u00e0 linguistica, giochiamo nella <em>stessa squadra<\/em><\/h2>\n<p>[\/et_pb_text][et_pb_text _builder_version=&#8221;4.23.3&#8243; _module_preset=&#8221;default&#8221; custom_margin=&#8221;||30px|||&#8221; custom_padding=&#8221;||16px||false|false&#8221; global_colors_info=&#8221;{}&#8221;]<\/p>\n<p><strong>La lingua francese e quella italiana sono simil<\/strong>i perch\u00e9 appartengono entrambe alla stessa famiglia linguistica, quella romanza. La struttura della frase francese ricalca in gran parte quella italiana, cos\u00ec come anche le numerose irregolarit\u00e0 grammaticali.<\/p>\n<p>Anche la morfologia delle parole \u00e8 simile alla nostra lingua, e questo rende pi\u00f9 semplice comprendere un testo francese rispetto a uno inglese o tedesco: questo aspetto pu\u00f2 rivelarsi tuttavia un\u2019arma a doppio taglio perch\u00e9 il rischio \u00e8 quello di cadere nel tranello dei falsi amici e di tradurre in modo sbagliato certi termini.<\/p>\n<p>Nella traduzione scritta e orale del francese, \u00e8 fondamentale conoscere le regole grammaticali della lingua e ancora di pi\u00f9 le sue singolarit\u00e0, la coniugazione dei verbi che proprio come in italiano \u00e8 complessa e anarchia, cos\u00ec come il lessico.<\/p>\n<p>Grazie ai servizi di interpretariato e traduzione tra italiano e francese hai l\u2019opportunit\u00e0 di <strong>comunicare con tutto il mondo francofono, senza inghippi e senza fraintendimenti<\/strong>.<\/p>\n<p>[\/et_pb_text][dipi_balloon selector=&#8221;#balloon-francese&#8221; ballon_placement=&#8221;right&#8221; content_alignment=&#8221;right&#8221; balloon_description=&#8221;<\/p>\n<p>Oh l\u00e0 l\u00e0 !<\/p>\n<p>&#8221; width=&#8221;100%&#8221; _builder_version=&#8221;4.23.3&#8243; _module_preset=&#8221;default&#8221; balloon_description_font=&#8221;Gratitude F||||||||&#8221; balloon_description_text_color=&#8221;#3F4955&#8243; balloon_description_font_size=&#8221;85px&#8221; background_color=&#8221;RGBA(255,255,255,0)&#8221; global_colors_info=&#8221;{}&#8221;][\/dipi_balloon][\/et_pb_column][et_pb_column type=&#8221;1_2&#8243; disabled_on=&#8221;on|on|off&#8221; _builder_version=&#8221;4.23.3&#8243; _module_preset=&#8221;default&#8221; background_image=&#8221;https:\/\/punto-f.com\/wp-content\/uploads\/2024\/03\/INGLESE-ITALIANO.jpg&#8221; global_colors_info=&#8221;{}&#8221;][\/et_pb_column][\/et_pb_row][\/et_pb_section][et_pb_section fb_built=&#8221;1&#8243; _builder_version=&#8221;4.23.3&#8243; _module_preset=&#8221;default&#8221; background_color=&#8221;#F1F3F3&#8243; global_colors_info=&#8221;{}&#8221;][et_pb_row module_id=&#8221;balloon-francese&#8221; _builder_version=&#8221;4.23.3&#8243; _module_preset=&#8221;default&#8221; positioning=&#8221;none&#8221; position_origin_a=&#8221;bottom_center&#8221; vertical_offset=&#8221;-30px&#8221; z_index=&#8221;73&#8243; global_colors_info=&#8221;{}&#8221;][et_pb_column type=&#8221;4_4&#8243; _builder_version=&#8221;4.23.3&#8243; _module_preset=&#8221;default&#8221; global_colors_info=&#8221;{}&#8221;][dipi_typing_text typing_prefix=&#8221;Fran\u00e7ais-italien: &#8221; typing_text=&#8221;la paire similaire mais differente&#8221; text_wrapper_tag=&#8221;h3&#8243; typing_padding=&#8221;0px|0px|0px|10px|false|false&#8221; flex_direction_tablet=&#8221;column&#8221; flex_direction_phone=&#8221;column&#8221; flex_direction_last_edited=&#8221;on|phone&#8221; flex_wrap_tablet=&#8221;&#8221; flex_wrap_phone=&#8221;on&#8221; flex_wrap_last_edited=&#8221;on|phone&#8221; _builder_version=&#8221;4.27.4&#8243; _module_preset=&#8221;default&#8221; text_text_align=&#8221;center&#8221; max_width=&#8221;100%&#8221; max_width_tablet=&#8221;50%&#8221; max_width_phone=&#8221;100%&#8221; max_width_last_edited=&#8221;on|phone&#8221; module_alignment=&#8221;center&#8221; global_colors_info=&#8221;{}&#8221;][\/dipi_typing_text][\/et_pb_column][\/et_pb_row][et_pb_row column_structure=&#8221;1_2,1_2&#8243; _builder_version=&#8221;4.23.3&#8243; _module_preset=&#8221;default&#8221; global_colors_info=&#8221;{}&#8221;][et_pb_column type=&#8221;1_2&#8243; _builder_version=&#8221;4.23.3&#8243; _module_preset=&#8221;default&#8221; global_colors_info=&#8221;{}&#8221;][et_pb_blurb title=&#8221;Interpretariato francese-italiano&#8221; image=&#8221;https:\/\/punto-f.com\/wp-content\/uploads\/2024\/04\/FRANCESE-ITALIANO-INTERPRETARIATO.jpg&#8221; _builder_version=&#8221;4.23.3&#8243; _module_preset=&#8221;default&#8221; header_text_align_tablet=&#8221;&#8221; header_text_align_phone=&#8221;center&#8221; header_text_align_last_edited=&#8221;on|phone&#8221; global_colors_info=&#8221;{}&#8221;]<\/p>\n<p>Questo \u00e8 il servizio adatto se hai in programma un incontro, ristretto o con un grande pubblico, tra persone di lingua francese e altre di lingua italiana. Come interprete, tradurr\u00f2 a voce per far s\u00ec che possiate capirvi e farvi capire.<\/p>\n<p>[\/et_pb_blurb][et_pb_button button_url=&#8221;@ET-DC@eyJkeW5hbWljIjp0cnVlLCJjb250ZW50IjoicG9zdF9saW5rX3VybF9wYWdlIiwic2V0dGluZ3MiOnsicG9zdF9pZCI6IjI1OTU3NjAxIn19@&#8221; button_text=&#8221;Scopri il servizio&#8221; button_alignment=&#8221;center&#8221; _builder_version=&#8221;4.23.3&#8243; _dynamic_attributes=&#8221;button_url&#8221; _module_preset=&#8221;default&#8221; global_colors_info=&#8221;{}&#8221;][\/et_pb_button][\/et_pb_column][et_pb_column type=&#8221;1_2&#8243; _builder_version=&#8221;4.23.3&#8243; _module_preset=&#8221;default&#8221; global_colors_info=&#8221;{}&#8221;][et_pb_blurb title=&#8221;Traduzione francese-italiano&#8221; image=&#8221;https:\/\/punto-f.com\/wp-content\/uploads\/2024\/04\/FRANCESE-ITALIANO-TRADUZIONE.jpg&#8221; _builder_version=&#8221;4.23.3&#8243; _module_preset=&#8221;default&#8221; header_text_align_tablet=&#8221;&#8221; header_text_align_phone=&#8221;center&#8221; header_text_align_last_edited=&#8221;on|phone&#8221; global_colors_info=&#8221;{}&#8221;]<\/p>\n<p>Il servizio di traduzione \u00e8 quello giusto se ti serve capire in italiano un testo specialistico o creativo scritto in francese: lo tradurr\u00f2 per iscritto per te.<\/p>\n<p>[\/et_pb_blurb][et_pb_button button_url=&#8221;@ET-DC@eyJkeW5hbWljIjp0cnVlLCJjb250ZW50IjoicG9zdF9saW5rX3VybF9wYWdlIiwic2V0dGluZ3MiOnsicG9zdF9pZCI6IjI1OTU3NjE1In19@&#8221; button_text=&#8221;Leggi di pi\u00f9&#8221; button_alignment=&#8221;center&#8221; _builder_version=&#8221;4.23.3&#8243; _dynamic_attributes=&#8221;button_url&#8221; _module_preset=&#8221;default&#8221; global_colors_info=&#8221;{}&#8221;][\/et_pb_button][\/et_pb_column][\/et_pb_row][\/et_pb_section][et_pb_section fb_built=&#8221;1&#8243; _builder_version=&#8221;4.23.3&#8243; _module_preset=&#8221;default&#8221; background_color=&#8221;#3F4955&#8243; custom_padding=&#8221;||15px|||&#8221; global_colors_info=&#8221;{}&#8221; locked=&#8221;off&#8221;][et_pb_row _builder_version=&#8221;4.23.3&#8243; _module_preset=&#8221;default&#8221; custom_margin=&#8221;-30px|auto||auto||&#8221; global_colors_info=&#8221;{}&#8221;][et_pb_column type=&#8221;4_4&#8243; _builder_version=&#8221;4.23.3&#8243; _module_preset=&#8221;default&#8221; global_colors_info=&#8221;{}&#8221;][et_pb_text _builder_version=&#8221;4.27.4&#8243; _module_preset=&#8221;default&#8221; header_2_text_color=&#8221;#FFFFFF&#8221; global_colors_info=&#8221;{}&#8221; header_3_text_color=&#8221;#FFFFFF&#8221; hover_enabled=&#8221;0&#8243; sticky_enabled=&#8221;0&#8243;]<\/p>\n<h2>Hai dubbi sulla scelta del servizio che fa per te?<\/h2>\n<p>[\/et_pb_text][\/et_pb_column][\/et_pb_row][et_pb_row make_equal=&#8221;on&#8221; _builder_version=&#8221;4.27.4&#8243; _module_preset=&#8221;default&#8221; custom_padding=&#8221;||0px||false|false&#8221; global_colors_info=&#8221;{}&#8221;][et_pb_column type=&#8221;4_4&#8243; _builder_version=&#8221;4.23.3&#8243; _module_preset=&#8221;default&#8221; global_colors_info=&#8221;{}&#8221;][et_pb_text _builder_version=&#8221;4.27.4&#8243; _module_preset=&#8221;default&#8221; text_text_color=&#8221;#FFFFFF&#8221; hover_enabled=&#8221;0&#8243; global_colors_info=&#8221;{}&#8221; sticky_enabled=&#8221;0&#8243;]<\/p>\n<p>Mettiti alla prova con il test per capirlo, oppure prenota un\u2019ora di <span style=\"text-decoration: underline;\"><span class=\"info-consulenza\">consulenza<\/span><\/span> e ti dar\u00f2 una mano fare la scelta giusta.<\/p>\n<p>[\/et_pb_text][\/et_pb_column][\/et_pb_row][et_pb_row _builder_version=&#8221;4.27.4&#8243; _module_preset=&#8221;default&#8221; global_colors_info=&#8221;{}&#8221;][et_pb_column type=&#8221;4_4&#8243; _builder_version=&#8221;4.27.4&#8243; _module_preset=&#8221;default&#8221; global_colors_info=&#8221;{}&#8221;][dipi_balloon selector=&#8221;.info-consulenza&#8221; ballon_placement=&#8221;bottom&#8221; content_alignment=&#8221;left&#8221; balloon_description=&#8221;<\/p>\n<p>Se sei in dubbio sul servizio pi\u00f9 adatto per te, con una consulenza di un\u2019ora possiamo vedere insieme le tue esigenze e trovare quello giusto. Un\u2019ora di consulenza costa 150\u20ac iva esclusae se a seguito di questo incontro confermerai un servizio con Punto F, l\u2019importo della consulenza ti verr\u00e0 scalato dal totale del progetto.<\/p>\n<p>&#8221; interactive=&#8221;off&#8221; trigger_on_click=&#8221;on&#8221; width=&#8221;100%&#8221; _builder_version=&#8221;4.27.4&#8243; _module_preset=&#8221;default&#8221; balloon_description_text_color=&#8221;#FFFFFF&#8221; background_color=&#8221;RGBA(255,255,255,0)&#8221; transform_scale_tablet=&#8221;&#8221; transform_scale_phone=&#8221;&#8221; transform_scale_last_edited=&#8221;on|phone&#8221; transform_translate=&#8221;-65px|0px&#8221; transform_translate_tablet=&#8221;-65px|0px&#8221; transform_translate_phone=&#8221;35px|25px&#8221; transform_translate_last_edited=&#8221;on|phone&#8221; transform_translate_linked=&#8221;off&#8221; transform_rotate_tablet=&#8221;&#8221; transform_rotate_phone=&#8221;&#8221; transform_rotate_last_edited=&#8221;on|phone&#8221; transform_skew_tablet=&#8221;&#8221; transform_skew_phone=&#8221;&#8221; transform_skew_last_edited=&#8221;on|phone&#8221; transform_origin_tablet=&#8221;&#8221; transform_origin_phone=&#8221;&#8221; transform_origin_last_edited=&#8221;on|phone&#8221; transform_styles_last_edited=&#8221;on|phone&#8221; min_height_tablet=&#8221;&#8221; min_height_phone=&#8221;80px&#8221; min_height_last_edited=&#8221;on|phone&#8221; custom_margin=&#8221;|0px||0px|false|false&#8221; custom_padding=&#8221;0px|0px||0px|false|false&#8221; hover_enabled=&#8221;0&#8243; transform_styles_tablet=&#8221;&#8221; transform_styles_phone=&#8221;&#8221; global_colors_info=&#8221;{}&#8221; sticky_enabled=&#8221;0&#8243;][\/dipi_balloon][\/et_pb_column][\/et_pb_row][et_pb_row _builder_version=&#8221;4.27.4&#8243; _module_preset=&#8221;default&#8221; global_colors_info=&#8221;{}&#8221;][et_pb_column type=&#8221;4_4&#8243; _builder_version=&#8221;4.23.3&#8243; _module_preset=&#8221;default&#8221; global_colors_info=&#8221;{}&#8221;][dipi_button_grid flex_direction=&#8221;row&#8221; _builder_version=&#8221;4.27.4&#8243; _module_preset=&#8221;default&#8221; custom_padding=&#8221;20px||||false|false&#8221; global_colors_info=&#8221;{}&#8221;][dipi_button_grid_child button_type=&#8221;dp_button&#8221; button_text=&#8221;Fai il test&#8221; button_link=&#8221;@ET-DC@eyJkeW5hbWljIjp0cnVlLCJjb250ZW50IjoicG9zdF9saW5rX3VybF9wYWdlIiwic2V0dGluZ3MiOnsicG9zdF9pZCI6IjI1OTU4NDI1In19@&#8221; _builder_version=&#8221;4.23.3&#8243; _dynamic_attributes=&#8221;button_link&#8221; _module_preset=&#8221;default&#8221; global_colors_info=&#8221;{}&#8221;][\/dipi_button_grid_child][dipi_button_grid_child button_text=&#8221;Contattami&#8221; button_link=&#8221;@ET-DC@eyJkeW5hbWljIjp0cnVlLCJjb250ZW50IjoicG9zdF9saW5rX3VybF9wYWdlIiwic2V0dGluZ3MiOnsicG9zdF9pZCI6IjI1OTU3MzMwIn19@&#8221; _builder_version=&#8221;4.23.3&#8243; _dynamic_attributes=&#8221;button_link&#8221; _module_preset=&#8221;default&#8221; global_colors_info=&#8221;{}&#8221;][\/dipi_button_grid_child][\/dipi_button_grid][\/et_pb_column][\/et_pb_row][\/et_pb_section]<\/p>\n","protected":false},"excerpt":{"rendered":"<p>Francese-italiano: la coppia simile, ma diversa<div class=\"et_pb_module dipi_breadcrumbs dipi_breadcrumbs_0\">\n\t\t\t\t\n\t\t\t\t\n\t\t\t\t\n\t\t\t\t\n\t\t\t\t\n\t\t\t\t\n\t\t\t\t<div class=\"et_pb_module_inner\">\n\t\t\t\t\t<div class=\"dipi-breadcrumbs dipi-bc-center\">\n                <ul >\n                    \n                                                        <li  class=\"dipi-breadcrumb-item dipi-breadcrumb-home\">\n\n                                                    <a  href=\"https:\/\/www.punto-f.com\/it\/\">\n                                <span  content=\"Home\">\n                                                                        Punto F                                <\/span>\n                            <\/a>\n\n                                                <meta itemprop=\"position\" content=\"1\"\/>                    <\/li>\n\n                    <li class=\"dipi-breadcrumb-separator\">\n                    <span class=\"et-pb-icon dipi-separator-icon\">&#x39;<\/span>\n                <\/li>                            \n                <\/ul>\n            <\/div>\n\t\t\t\t<\/div>\n\t\t\t<\/div>Nessuna rivalit\u00e0 linguistica, giochiamo nella stessa squadraLa lingua francese e quella italiana sono simili perch\u00e9 appartengono entrambe alla stessa famiglia linguistica, quella romanza. La struttura della frase francese ricalca in gran parte quella italiana, cos\u00ec [&hellip;]<\/p>\n","protected":false},"author":1,"featured_media":0,"parent":0,"menu_order":0,"comment_status":"closed","ping_status":"closed","template":"","meta":{"_et_pb_use_builder":"on","_et_pb_old_content":"","_et_gb_content_width":"","footnotes":""},"dipi_cpt_category":[],"class_list":["post-25957575","page","type-page","status-publish","hentry"],"yoast_head":"<!-- This site is optimized with the Yoast SEO plugin v27.5 - https:\/\/yoast.com\/product\/yoast-seo-wordpress\/ -->\n<title>Francese-Italiano: Servizi di Interpretariato e Traduzione &#8226; Punto F<\/title>\n<meta name=\"description\" content=\"Francese-italiano: la coppia simile ma diversa. Nessuna rivalit\u00e0 linguistica, giochiamo nella stessa squadra.\" \/>\n<meta name=\"robots\" content=\"index, follow, max-snippet:-1, max-image-preview:large, max-video-preview:-1\" \/>\n<link rel=\"canonical\" href=\"https:\/\/www.punto-f.com\/it\/francese-italiano\/\" \/>\n<meta property=\"og:locale\" content=\"it_IT\" \/>\n<meta property=\"og:type\" content=\"article\" \/>\n<meta property=\"og:title\" content=\"Francese-Italiano: Servizi di Interpretariato e Traduzione &#8226; Punto F\" \/>\n<meta property=\"og:description\" content=\"Francese-italiano: la coppia simile ma diversa. Nessuna rivalit\u00e0 linguistica, giochiamo nella stessa squadra.\" \/>\n<meta property=\"og:url\" content=\"https:\/\/www.punto-f.com\/it\/francese-italiano\/\" \/>\n<meta property=\"og:site_name\" content=\"Punto F\" \/>\n<meta property=\"article:publisher\" content=\"https:\/\/www.facebook.com\/Punto.F2\/\" \/>\n<meta property=\"article:modified_time\" content=\"2025-02-04T12:52:38+00:00\" \/>\n<meta property=\"og:image\" content=\"https:\/\/www.punto-f.com\/wp-content\/uploads\/2025\/01\/punto-f-preview-sito.png\" \/>\n\t<meta property=\"og:image:width\" content=\"800\" \/>\n\t<meta property=\"og:image:height\" content=\"600\" \/>\n\t<meta property=\"og:image:type\" content=\"image\/png\" \/>\n<meta name=\"twitter:card\" content=\"summary_large_image\" \/>\n<meta name=\"twitter:label1\" content=\"Tempo di lettura stimato\" \/>\n\t<meta name=\"twitter:data1\" content=\"3 minuti\" \/>\n<script type=\"application\/ld+json\" class=\"yoast-schema-graph\">{\"@context\":\"https:\\\/\\\/schema.org\",\"@graph\":[{\"@type\":\"WebPage\",\"@id\":\"https:\\\/\\\/www.punto-f.com\\\/it\\\/francese-italiano\\\/\",\"url\":\"https:\\\/\\\/www.punto-f.com\\\/it\\\/francese-italiano\\\/\",\"name\":\"Francese-Italiano: Servizi di Interpretariato e Traduzione &#8226; Punto F\",\"isPartOf\":{\"@id\":\"https:\\\/\\\/www.punto-f.com\\\/it\\\/#website\"},\"datePublished\":\"2024-03-04T16:27:21+00:00\",\"dateModified\":\"2025-02-04T12:52:38+00:00\",\"description\":\"Francese-italiano: la coppia simile ma diversa. Nessuna rivalit\u00e0 linguistica, giochiamo nella stessa squadra.\",\"breadcrumb\":{\"@id\":\"https:\\\/\\\/www.punto-f.com\\\/it\\\/francese-italiano\\\/#breadcrumb\"},\"inLanguage\":\"it-IT\",\"potentialAction\":[{\"@type\":\"ReadAction\",\"target\":[\"https:\\\/\\\/www.punto-f.com\\\/it\\\/francese-italiano\\\/\"]}]},{\"@type\":\"BreadcrumbList\",\"@id\":\"https:\\\/\\\/www.punto-f.com\\\/it\\\/francese-italiano\\\/#breadcrumb\",\"itemListElement\":[{\"@type\":\"ListItem\",\"position\":1,\"name\":\"Home\",\"item\":\"https:\\\/\\\/www.punto-f.com\\\/it\\\/\"},{\"@type\":\"ListItem\",\"position\":2,\"name\":\"Francese-italiano\"}]},{\"@type\":\"WebSite\",\"@id\":\"https:\\\/\\\/www.punto-f.com\\\/it\\\/#website\",\"url\":\"https:\\\/\\\/www.punto-f.com\\\/it\\\/\",\"name\":\"Punto F\",\"description\":\"Servizi di interpretariato e traduzione\",\"publisher\":{\"@id\":\"https:\\\/\\\/www.punto-f.com\\\/it\\\/#organization\"},\"alternateName\":\"Punto F di Francesca Manicardi\",\"potentialAction\":[{\"@type\":\"SearchAction\",\"target\":{\"@type\":\"EntryPoint\",\"urlTemplate\":\"https:\\\/\\\/www.punto-f.com\\\/it\\\/?s={search_term_string}\"},\"query-input\":{\"@type\":\"PropertyValueSpecification\",\"valueRequired\":true,\"valueName\":\"search_term_string\"}}],\"inLanguage\":\"it-IT\"},{\"@type\":\"Organization\",\"@id\":\"https:\\\/\\\/www.punto-f.com\\\/it\\\/#organization\",\"name\":\"Punto F\",\"alternateName\":\"Punto F di Francesca Manicardi\",\"url\":\"https:\\\/\\\/www.punto-f.com\\\/it\\\/\",\"logo\":{\"@type\":\"ImageObject\",\"inLanguage\":\"it-IT\",\"@id\":\"https:\\\/\\\/www.punto-f.com\\\/it\\\/#\\\/schema\\\/logo\\\/image\\\/\",\"url\":\"https:\\\/\\\/www.punto-f.com\\\/wp-content\\\/uploads\\\/2024\\\/07\\\/francesca-manicardi-portfolio.webp\",\"contentUrl\":\"https:\\\/\\\/www.punto-f.com\\\/wp-content\\\/uploads\\\/2024\\\/07\\\/francesca-manicardi-portfolio.webp\",\"width\":567,\"height\":850,\"caption\":\"Punto F\"},\"image\":{\"@id\":\"https:\\\/\\\/www.punto-f.com\\\/it\\\/#\\\/schema\\\/logo\\\/image\\\/\"},\"sameAs\":[\"https:\\\/\\\/www.facebook.com\\\/Punto.F2\\\/\",\"https:\\\/\\\/www.instagram.com\\\/punto_f\\\/\",\"https:\\\/\\\/it.linkedin.com\\\/in\\\/francescamanicardi\",\"https:\\\/\\\/it.pinterest.com\\\/punto_f\\\/\"]}]}<\/script>\n<!-- \/ Yoast SEO plugin. -->","yoast_head_json":{"title":"Francese-Italiano: Servizi di Interpretariato e Traduzione &#8226; Punto F","description":"Francese-italiano: la coppia simile ma diversa. Nessuna rivalit\u00e0 linguistica, giochiamo nella stessa squadra.","robots":{"index":"index","follow":"follow","max-snippet":"max-snippet:-1","max-image-preview":"max-image-preview:large","max-video-preview":"max-video-preview:-1"},"canonical":"https:\/\/www.punto-f.com\/it\/francese-italiano\/","og_locale":"it_IT","og_type":"article","og_title":"Francese-Italiano: Servizi di Interpretariato e Traduzione &#8226; Punto F","og_description":"Francese-italiano: la coppia simile ma diversa. Nessuna rivalit\u00e0 linguistica, giochiamo nella stessa squadra.","og_url":"https:\/\/www.punto-f.com\/it\/francese-italiano\/","og_site_name":"Punto F","article_publisher":"https:\/\/www.facebook.com\/Punto.F2\/","article_modified_time":"2025-02-04T12:52:38+00:00","og_image":[{"width":800,"height":600,"url":"https:\/\/www.punto-f.com\/wp-content\/uploads\/2025\/01\/punto-f-preview-sito.png","type":"image\/png"}],"twitter_card":"summary_large_image","twitter_misc":{"Tempo di lettura stimato":"3 minuti"},"schema":{"@context":"https:\/\/schema.org","@graph":[{"@type":"WebPage","@id":"https:\/\/www.punto-f.com\/it\/francese-italiano\/","url":"https:\/\/www.punto-f.com\/it\/francese-italiano\/","name":"Francese-Italiano: Servizi di Interpretariato e Traduzione &#8226; Punto F","isPartOf":{"@id":"https:\/\/www.punto-f.com\/it\/#website"},"datePublished":"2024-03-04T16:27:21+00:00","dateModified":"2025-02-04T12:52:38+00:00","description":"Francese-italiano: la coppia simile ma diversa. Nessuna rivalit\u00e0 linguistica, giochiamo nella stessa squadra.","breadcrumb":{"@id":"https:\/\/www.punto-f.com\/it\/francese-italiano\/#breadcrumb"},"inLanguage":"it-IT","potentialAction":[{"@type":"ReadAction","target":["https:\/\/www.punto-f.com\/it\/francese-italiano\/"]}]},{"@type":"BreadcrumbList","@id":"https:\/\/www.punto-f.com\/it\/francese-italiano\/#breadcrumb","itemListElement":[{"@type":"ListItem","position":1,"name":"Home","item":"https:\/\/www.punto-f.com\/it\/"},{"@type":"ListItem","position":2,"name":"Francese-italiano"}]},{"@type":"WebSite","@id":"https:\/\/www.punto-f.com\/it\/#website","url":"https:\/\/www.punto-f.com\/it\/","name":"Punto F","description":"Servizi di interpretariato e traduzione","publisher":{"@id":"https:\/\/www.punto-f.com\/it\/#organization"},"alternateName":"Punto F di Francesca Manicardi","potentialAction":[{"@type":"SearchAction","target":{"@type":"EntryPoint","urlTemplate":"https:\/\/www.punto-f.com\/it\/?s={search_term_string}"},"query-input":{"@type":"PropertyValueSpecification","valueRequired":true,"valueName":"search_term_string"}}],"inLanguage":"it-IT"},{"@type":"Organization","@id":"https:\/\/www.punto-f.com\/it\/#organization","name":"Punto F","alternateName":"Punto F di Francesca Manicardi","url":"https:\/\/www.punto-f.com\/it\/","logo":{"@type":"ImageObject","inLanguage":"it-IT","@id":"https:\/\/www.punto-f.com\/it\/#\/schema\/logo\/image\/","url":"https:\/\/www.punto-f.com\/wp-content\/uploads\/2024\/07\/francesca-manicardi-portfolio.webp","contentUrl":"https:\/\/www.punto-f.com\/wp-content\/uploads\/2024\/07\/francesca-manicardi-portfolio.webp","width":567,"height":850,"caption":"Punto F"},"image":{"@id":"https:\/\/www.punto-f.com\/it\/#\/schema\/logo\/image\/"},"sameAs":["https:\/\/www.facebook.com\/Punto.F2\/","https:\/\/www.instagram.com\/punto_f\/","https:\/\/it.linkedin.com\/in\/francescamanicardi","https:\/\/it.pinterest.com\/punto_f\/"]}]}},"_links":{"self":[{"href":"https:\/\/www.punto-f.com\/it\/wp-json\/wp\/v2\/pages\/25957575","targetHints":{"allow":["GET"]}}],"collection":[{"href":"https:\/\/www.punto-f.com\/it\/wp-json\/wp\/v2\/pages"}],"about":[{"href":"https:\/\/www.punto-f.com\/it\/wp-json\/wp\/v2\/types\/page"}],"author":[{"embeddable":true,"href":"https:\/\/www.punto-f.com\/it\/wp-json\/wp\/v2\/users\/1"}],"replies":[{"embeddable":true,"href":"https:\/\/www.punto-f.com\/it\/wp-json\/wp\/v2\/comments?post=25957575"}],"version-history":[{"count":32,"href":"https:\/\/www.punto-f.com\/it\/wp-json\/wp\/v2\/pages\/25957575\/revisions"}],"predecessor-version":[{"id":25960734,"href":"https:\/\/www.punto-f.com\/it\/wp-json\/wp\/v2\/pages\/25957575\/revisions\/25960734"}],"wp:attachment":[{"href":"https:\/\/www.punto-f.com\/it\/wp-json\/wp\/v2\/media?parent=25957575"}],"wp:term":[{"taxonomy":"dipi_cpt_category","embeddable":true,"href":"https:\/\/www.punto-f.com\/it\/wp-json\/wp\/v2\/dipi_cpt_category?post=25957575"}],"curies":[{"name":"wp","href":"https:\/\/api.w.org\/{rel}","templated":true}]}}